{"id":3390,"date":"2025-05-23T18:13:58","date_gmt":"2025-05-23T16:13:58","guid":{"rendered":"https:\/\/dev.strandhotel-binz.de\/agb\/"},"modified":"2025-06-25T19:42:29","modified_gmt":"2025-06-25T17:42:29","slug":"agb","status":"publish","type":"page","link":"https:\/\/www.strandhotel-binz.de\/en\/agb\/","title":{"rendered":"General terms and conditions of business"},"content":{"rendered":"\t\t<div data-elementor-type=\"wp-page\" data-elementor-id=\"3390\" class=\"elementor elementor-3390 elementor-2159\" data-elementor-post-type=\"page\">\n\t\t\t\t<div class=\"elementor-element elementor-element-43fadc29 e-flex e-con-boxed e-con e-parent\" data-id=\"43fadc29\" data-element_type=\"container\" data-e-type=\"container\">\n\t\t\t\t\t<div class=\"e-con-inner\">\n\t\t\t\t<div class=\"elementor-element elementor-element-2aaa71fa elementor-widget elementor-widget-heading\" data-id=\"2aaa71fa\" data-element_type=\"widget\" data-e-type=\"widget\" data-widget_type=\"heading.default\">\n\t\t\t\t<div class=\"elementor-widget-container\">\n\t\t\t\t\t<h1 class=\"elementor-heading-title elementor-size-default\">General terms and conditions of business<\/h1>\t\t\t\t<\/div>\n\t\t\t\t<\/div>\n\t\t\t\t\t<\/div>\n\t\t\t\t<\/div>\n\t\t<div class=\"elementor-element elementor-element-41a56b09 e-flex e-con-boxed e-con e-parent\" data-id=\"41a56b09\" data-element_type=\"container\" data-e-type=\"container\">\n\t\t\t\t\t<div class=\"e-con-inner\">\n\t\t\t\t<div class=\"elementor-element elementor-element-4ce5348 elementor-widget elementor-widget-text-editor\" data-id=\"4ce5348\" data-element_type=\"widget\" data-e-type=\"widget\" data-widget_type=\"text-editor.default\">\n\t\t\t\t<div class=\"elementor-widget-container\">\n\t\t\t\t\t\t\t\t\t<p>f\u00fcr die Strandhotel Binz GmbH<\/p><p><strong>Vorbemerkung<\/strong><br>Eine vom Gast veranlasste und vom Hotel angenommene Zimmerbuchung begr\u00fcndet zwischen beiden Vertragspartnern ein Vertragsverh\u00e4ltnis, den sogenannten Hotelaufnahmevertrag.<\/p><p> <\/p><ol><li>Geltungsbereich<ol><li>Diese Gesch\u00e4ftsbedingungen gelten f\u00fcr Vertr\u00e4ge \u00fcber die mietweise \u00dcberlassung von Hotelzimmern zur Beherbergung, sowie alle f\u00fcr den Kunden erbrachten weiteren Leistungen und Lieferungen des Hotels<\/li><li>Die Unter- oder Weitervermietung der \u00fcberlassenen Zimmer sowie deren Nutzung zu anderen als Beherbergungszwecken bed\u00fcrfen der vorherigen schriftlichen Zustimmung des Hotels.<\/li><li>Gesch\u00e4ftsbedingungen des Kunden finden nur Anwendung, wenn dies ausdr\u00fccklich schriftlich vorher vereinbart wurde.<\/li><\/ol><\/li><li>Vertragsabschluss, -partner, -haftung; Verj\u00e4hrung<ol><li>Der Vertrag kommt durch die Annahme des Antrages des Kunden durch das Hotel zustande. Dem Hotel steht es frei, die Zimmerbuchung schriftlich zu best\u00e4tigen. <\/li><li>Vertragspartner sind das Hotel und der Kunde. Hat ein Dritter f\u00fcr den Kunden bestellt, haftet er dem Hotel gegen\u00fcber zusammen mit dem Kunden als Gesamtschuldner f\u00fcr alle Verpflichtungen aus dem Hotelaufnahmevertrag, sofern dem Hotel eine entsprechende Erkl\u00e4rung des Dritten vorliegt. <\/li><li>Das Hotel haftet f\u00fcr seine Verpflichtungen aus dem Vertrag. Die Haftung des Hotels ist auf Vorsatz und grobe Fahrl\u00e4ssigkeit beschr\u00e4nkt. <\/li><\/ol><\/li><li>Leistungen, Preise, Zahlung, Aufrechnung<ol><li>Das Hotel ist verpflichtet, die vom Kunden gebuchten Zimmer bereitzuhalten und die vereinbarten Leistungen zu erbringen.<\/li><li>Der Kunde ist verpflichtet, die f\u00fcr die Zimmer\u00fcberlassung und die von ihm in Anspruch genommenen weiteren Leistungen geltenden bzw. vereinbarten Preise des Hotels zu zahlen. Dies gilt auch f\u00fcr vom Kunden veranlasste Leistungen und Auslagen des Hotels an Dritte. <\/li><li>Das Hotel ist berechtigt, bei Vertragsabschluss oder danach, unter Ber\u00fccksichtigung der rechtlichen Bestimmungen f\u00fcr Pauschalreisen eine angemessene Vorauszahlung oder Sicherheitsleistung zu verlangen. Die H\u00f6he der Vorauszahlung und die Zahlungstermine k\u00f6nnen im Vertrag schriftlich vereinbart werden. <\/li><\/ol><\/li><li>R\u00fccktritt des Kunden (Abbestellung, Stornierung)<ol><li>Dem Kunden wird das Recht einger\u00e4umt, den Vertrag unter Beachtung nachfolgender Stornobedingungen zu k\u00fcndigen. Erfolgt die Stornierung bis 31 Tage vor Anreise, werden keine Stornokosten erhoben. Erfolgt die K\u00fcndigung 30 bis 21 Tage vor der Anreise, werden 30% des vereinbarten Preises, bei einer Stornierung 20 bis 14 Tage vor Anreise 60% des vereinbarten Preises und bei einer Stornierung weniger als 14 Tage vor Anreise, bei Nichtanreise oder vorzeitiger Abreise 80% des vereinbarten Preises f\u00e4llig. Stornierungen bed\u00fcrfen grunds\u00e4tzlich der Schriftform.   <\/li><li>Sofern Zimmer in Zusammenhang mit einer Veranstaltung (z.B. Ostern, Weihnachten, Silvester etc.) gebucht werden, betr\u00e4gt die pauschalierte R\u00fccktrittsentsch\u00e4digung des Hotels bei einem R\u00fccktritt bis 31 Tage vor Anreise 50% des vereinbarten Arrangementpreises, bei einer Stornierung weniger als 31 Tage vor Anreise betr\u00e4gt die R\u00fccktrittsentsch\u00e4digung 80% des vertraglich vereinbarten Arrangementpreises.<\/li><\/ol><\/li><li>R\u00fccktritt des Hotels<ol><li>Sollte einem Kunden nach entsprechender Buchungsanfrage ein zeitlich befristetes R\u00fccktrittsrecht (Vormerkung eines Zimmers etc.) einger\u00e4umt sein, ist das Hotel in diesem Zeitraum berechtigt, vom Vertrag zur\u00fcckzutreten, wenn Anfragen anderer Kunden nach den vertraglich gebuchten Zimmer vorliegen.<\/li><li>Wird eine vereinbarte Vorauszahlung auch nach Verstreichen einer vom Hotel gesetzten angemessenen Nachfrist mit<br>Ablehnungsandrohung nicht geleistet, so ist das Hotel ebenfalls zum R\u00fccktritt vom Vertrag berechtigt.<\/li><li>Bei berechtigtem R\u00fccktritt des Hotels entsteht kein Anspruch des Kunden auf Schadensersatz.<\/li><\/ol><\/li><li>Zimmerbereitstellung, -\u00fcbergabe und -r\u00fcckgabe<ol><li>Der Kunde erwirbt keinen Anspruch auf die Bereitstellung bestimmter Zimmer.<\/li><li>Die bereitgestellten Zimmer sind am Anreisetag bis 18.00 Uhr in Anspruch zu nehmen. Nach diesem Zeitpunkt k\u00f6nnen sie vom Hotel anderweitig vermietet werden., es sei denn, der Gast hat dem Hotel zuvor sp\u00e4teres Eintreffen schriftlich mitgeteilt.<\/li><li>Die R\u00fcckgabe der Hotelzimmer muss am Abreisetag bis 11.00 Uhr erfolgen.<br>Wird die jeweilige R\u00fcckgabezeit \u00fcberschritten, stellt das Haus dem Kunden f\u00fcr die erste und zweite Stunde jeweils 50,00\u20ac in Rechnung. Ab angefangener dritter Stunde berechnet das Hotel den 2-fachen Logispreis (Listenpreis). <\/li><\/ol><\/li><li>Haftung des Hotels<ol><li>Das Hotel haftet f\u00fcr die Sorgfalt eines ordentlichen Kaufmanns. Diese Haftung ist im nicht leistungstypischen Bereich, jedoch beschr\u00e4nkt auf Leistungsm\u00e4ngel, Sch\u00e4den, Folgesch\u00e4den oder St\u00f6rungen, die auf Vorsatz oder grobe Fahrl\u00e4ssigkeit zur\u00fcckzuf\u00fchren sind. Sollten St\u00f6rungen oder M\u00e4ngel an den Leistungen des Hotels auftreten, wird das Hotel bei Kenntnis oder auf unverz\u00fcgliche R\u00fcge des Kunden bem\u00fcht sein, f\u00fcr Abhilfe zu sorgen. Der Kunde ist verpflichtet, das ihm Zumutbare beizutragen, um die St\u00f6rung zu beheben und einen m\u00f6glichen Schaden gering zu halten.   <\/li><li>Soweit dem Kunden ein Stellplatz auf dem Hotelparkplatz oder in der Hotelgaragen, auch gegen Entgelt, zur Verf\u00fcgung gestellt wird, begr\u00fcndet dies keine vertraglichen Verpflichtungen des Hotels. Dar\u00fcber hinaus gilt auf dem gesamten Hotelgel\u00e4nde die StVO. <\/li><\/ol><\/li><\/ol>\t\t\t\t\t\t\t\t<\/div>\n\t\t\t\t<\/div>\n\t\t\t\t\t<\/div>\n\t\t\t\t<\/div>\n\t\t\t\t<\/div>\n\t\t","protected":false},"excerpt":{"rendered":"<p>General terms and conditions of business f\u00fcr die Strandhotel Binz GmbH VorbemerkungEine vom Gast veranlasste und vom Hotel angenommene Zimmerbuchung begr\u00fcndet zwischen beiden Vertragspartnern ein Vertragsverh\u00e4ltnis, den sogenannten Hotelaufnahmevertrag. Geltungsbereich Diese Gesch\u00e4ftsbedingungen gelten f\u00fcr Vertr\u00e4ge \u00fcber die mietweise \u00dcberlassung von Hotelzimmern zur Beherbergung, sowie alle f\u00fcr den Kunden erbrachten weiteren Leistungen und Lieferungen des Hotels [&hellip;]<\/p>\n","protected":false},"author":1,"featured_media":0,"parent":0,"menu_order":16,"comment_status":"closed","ping_status":"closed","template":"","meta":{"_eb_attr":"","inline_featured_image":false,"footnotes":""},"class_list":["post-3390","page","type-page","status-publish","hentry"],"yoast_head":"<!-- This site is optimized with the Yoast SEO plugin v27.2 - https:\/\/yoast.com\/product\/yoast-seo-wordpress\/ -->\n<title>General terms and conditions of business - Strandhotel Binz<\/title>\n<meta name=\"robots\" content=\"noindex, nofollow\" \/>\n<meta property=\"og:locale\" content=\"en_US\" \/>\n<meta property=\"og:type\" content=\"article\" \/>\n<meta property=\"og:title\" content=\"General terms and conditions of business - Strandhotel Binz\" \/>\n<meta property=\"og:description\" content=\"General terms and conditions of business f\u00fcr die Strandhotel Binz GmbH VorbemerkungEine vom Gast veranlasste und vom Hotel angenommene Zimmerbuchung begr\u00fcndet zwischen beiden Vertragspartnern ein Vertragsverh\u00e4ltnis, den sogenannten Hotelaufnahmevertrag. Geltungsbereich Diese Gesch\u00e4ftsbedingungen gelten f\u00fcr Vertr\u00e4ge \u00fcber die mietweise \u00dcberlassung von Hotelzimmern zur Beherbergung, sowie alle f\u00fcr den Kunden erbrachten weiteren Leistungen und Lieferungen des Hotels [&hellip;]\" \/>\n<meta property=\"og:url\" content=\"https:\/\/www.strandhotel-binz.de\/en\/agb\/\" \/>\n<meta property=\"og:site_name\" content=\"Strandhotel Binz\" \/>\n<meta property=\"article:modified_time\" content=\"2025-06-25T17:42:29+00:00\" \/>\n<meta name=\"twitter:card\" content=\"summary_large_image\" \/>\n<meta name=\"twitter:label1\" content=\"Est. reading time\" \/>\n\t<meta name=\"twitter:data1\" content=\"4 minutes\" \/>\n<script type=\"application\/ld+json\" class=\"yoast-schema-graph\">{\"@context\":\"https:\/\/schema.org\",\"@graph\":[{\"@type\":\"WebPage\",\"@id\":\"https:\/\/www.strandhotel-binz.de\/en\/agb\/\",\"url\":\"https:\/\/www.strandhotel-binz.de\/en\/agb\/\",\"name\":\"General terms and conditions of business - Strandhotel Binz\",\"isPartOf\":{\"@id\":\"https:\/\/www.strandhotel-binz.de\/en\/#website\"},\"datePublished\":\"2025-05-23T16:13:58+00:00\",\"dateModified\":\"2025-06-25T17:42:29+00:00\",\"breadcrumb\":{\"@id\":\"https:\/\/www.strandhotel-binz.de\/en\/agb\/#breadcrumb\"},\"inLanguage\":\"en-US\",\"potentialAction\":[{\"@type\":\"ReadAction\",\"target\":[\"https:\/\/www.strandhotel-binz.de\/en\/agb\/\"]}]},{\"@type\":\"BreadcrumbList\",\"@id\":\"https:\/\/www.strandhotel-binz.de\/en\/agb\/#breadcrumb\",\"itemListElement\":[{\"@type\":\"ListItem\",\"position\":1,\"name\":\"Startseite\",\"item\":\"https:\/\/www.strandhotel-binz.de\/en\/home-page\/\"},{\"@type\":\"ListItem\",\"position\":2,\"name\":\"General terms and conditions of business\"}]},{\"@type\":\"WebSite\",\"@id\":\"https:\/\/www.strandhotel-binz.de\/en\/#website\",\"url\":\"https:\/\/www.strandhotel-binz.de\/en\/\",\"name\":\"Strandhotel Binz\",\"description\":\"\",\"publisher\":{\"@id\":\"https:\/\/www.strandhotel-binz.de\/en\/#organization\"},\"potentialAction\":[{\"@type\":\"SearchAction\",\"target\":{\"@type\":\"EntryPoint\",\"urlTemplate\":\"https:\/\/www.strandhotel-binz.de\/en\/?s={search_term_string}\"},\"query-input\":{\"@type\":\"PropertyValueSpecification\",\"valueRequired\":true,\"valueName\":\"search_term_string\"}}],\"inLanguage\":\"en-US\"},{\"@type\":\"Organization\",\"@id\":\"https:\/\/www.strandhotel-binz.de\/en\/#organization\",\"name\":\"Strandhotel Binz\",\"url\":\"https:\/\/www.strandhotel-binz.de\/en\/\",\"logo\":{\"@type\":\"ImageObject\",\"inLanguage\":\"en-US\",\"@id\":\"https:\/\/www.strandhotel-binz.de\/en\/#\/schema\/logo\/image\/\",\"url\":\"https:\/\/www.strandhotel-binz.de\/wp-content\/uploads\/logo-strandhotelbinz.svg\",\"contentUrl\":\"https:\/\/www.strandhotel-binz.de\/wp-content\/uploads\/logo-strandhotelbinz.svg\",\"width\":98,\"height\":83,\"caption\":\"Strandhotel Binz\"},\"image\":{\"@id\":\"https:\/\/www.strandhotel-binz.de\/en\/#\/schema\/logo\/image\/\"}}]}<\/script>\n<!-- \/ Yoast SEO plugin. -->","yoast_head_json":{"title":"General terms and conditions of business - Strandhotel Binz","robots":{"index":"noindex","follow":"nofollow"},"og_locale":"en_US","og_type":"article","og_title":"General terms and conditions of business - Strandhotel Binz","og_description":"General terms and conditions of business f\u00fcr die Strandhotel Binz GmbH VorbemerkungEine vom Gast veranlasste und vom Hotel angenommene Zimmerbuchung begr\u00fcndet zwischen beiden Vertragspartnern ein Vertragsverh\u00e4ltnis, den sogenannten Hotelaufnahmevertrag. Geltungsbereich Diese Gesch\u00e4ftsbedingungen gelten f\u00fcr Vertr\u00e4ge \u00fcber die mietweise \u00dcberlassung von Hotelzimmern zur Beherbergung, sowie alle f\u00fcr den Kunden erbrachten weiteren Leistungen und Lieferungen des Hotels [&hellip;]","og_url":"https:\/\/www.strandhotel-binz.de\/en\/agb\/","og_site_name":"Strandhotel Binz","article_modified_time":"2025-06-25T17:42:29+00:00","twitter_card":"summary_large_image","twitter_misc":{"Est. reading time":"4 minutes"},"schema":{"@context":"https:\/\/schema.org","@graph":[{"@type":"WebPage","@id":"https:\/\/www.strandhotel-binz.de\/en\/agb\/","url":"https:\/\/www.strandhotel-binz.de\/en\/agb\/","name":"General terms and conditions of business - Strandhotel Binz","isPartOf":{"@id":"https:\/\/www.strandhotel-binz.de\/en\/#website"},"datePublished":"2025-05-23T16:13:58+00:00","dateModified":"2025-06-25T17:42:29+00:00","breadcrumb":{"@id":"https:\/\/www.strandhotel-binz.de\/en\/agb\/#breadcrumb"},"inLanguage":"en-US","potentialAction":[{"@type":"ReadAction","target":["https:\/\/www.strandhotel-binz.de\/en\/agb\/"]}]},{"@type":"BreadcrumbList","@id":"https:\/\/www.strandhotel-binz.de\/en\/agb\/#breadcrumb","itemListElement":[{"@type":"ListItem","position":1,"name":"Startseite","item":"https:\/\/www.strandhotel-binz.de\/en\/home-page\/"},{"@type":"ListItem","position":2,"name":"General terms and conditions of business"}]},{"@type":"WebSite","@id":"https:\/\/www.strandhotel-binz.de\/en\/#website","url":"https:\/\/www.strandhotel-binz.de\/en\/","name":"Strandhotel Binz","description":"","publisher":{"@id":"https:\/\/www.strandhotel-binz.de\/en\/#organization"},"potentialAction":[{"@type":"SearchAction","target":{"@type":"EntryPoint","urlTemplate":"https:\/\/www.strandhotel-binz.de\/en\/?s={search_term_string}"},"query-input":{"@type":"PropertyValueSpecification","valueRequired":true,"valueName":"search_term_string"}}],"inLanguage":"en-US"},{"@type":"Organization","@id":"https:\/\/www.strandhotel-binz.de\/en\/#organization","name":"Strandhotel Binz","url":"https:\/\/www.strandhotel-binz.de\/en\/","logo":{"@type":"ImageObject","inLanguage":"en-US","@id":"https:\/\/www.strandhotel-binz.de\/en\/#\/schema\/logo\/image\/","url":"https:\/\/www.strandhotel-binz.de\/wp-content\/uploads\/logo-strandhotelbinz.svg","contentUrl":"https:\/\/www.strandhotel-binz.de\/wp-content\/uploads\/logo-strandhotelbinz.svg","width":98,"height":83,"caption":"Strandhotel Binz"},"image":{"@id":"https:\/\/www.strandhotel-binz.de\/en\/#\/schema\/logo\/image\/"}}]}},"_links":{"self":[{"href":"https:\/\/www.strandhotel-binz.de\/en\/wp-json\/wp\/v2\/pages\/3390","targetHints":{"allow":["GET"]}}],"collection":[{"href":"https:\/\/www.strandhotel-binz.de\/en\/wp-json\/wp\/v2\/pages"}],"about":[{"href":"https:\/\/www.strandhotel-binz.de\/en\/wp-json\/wp\/v2\/types\/page"}],"author":[{"embeddable":true,"href":"https:\/\/www.strandhotel-binz.de\/en\/wp-json\/wp\/v2\/users\/1"}],"replies":[{"embeddable":true,"href":"https:\/\/www.strandhotel-binz.de\/en\/wp-json\/wp\/v2\/comments?post=3390"}],"version-history":[{"count":3,"href":"https:\/\/www.strandhotel-binz.de\/en\/wp-json\/wp\/v2\/pages\/3390\/revisions"}],"predecessor-version":[{"id":3395,"href":"https:\/\/www.strandhotel-binz.de\/en\/wp-json\/wp\/v2\/pages\/3390\/revisions\/3395"}],"wp:attachment":[{"href":"https:\/\/www.strandhotel-binz.de\/en\/wp-json\/wp\/v2\/media?parent=3390"}],"curies":[{"name":"wp","href":"https:\/\/api.w.org\/{rel}","templated":true}]}}